{"id":6174,"date":"2024-07-24T13:18:14","date_gmt":"2024-07-24T10:18:14","guid":{"rendered":"https:\/\/www.alphadream.co.il\/declaration-daccessibilite\/"},"modified":"2024-11-12T17:04:00","modified_gmt":"2024-11-12T15:04:00","slug":"declaration-daccessibilite","status":"publish","type":"page","link":"https:\/\/www.alphadream.co.il\/fr\/declaration-daccessibilite\/","title":{"rendered":"D\u00e9claration d&rsquo;accessibilit\u00e9"},"content":{"rendered":"\t\t<div data-elementor-type=\"wp-page\" data-elementor-id=\"6174\" class=\"elementor elementor-6174 elementor-1808\" data-elementor-post-type=\"page\">\n\t\t\t\t<div class=\"elementor-element elementor-element-4430bee1 e-flex e-con-boxed e-con e-parent\" data-id=\"4430bee1\" data-element_type=\"container\" data-e-type=\"container\">\n\t\t\t\t\t<div class=\"e-con-inner\">\n\t\t\t\t<div class=\"elementor-element elementor-element-b9e794f elementor-widget elementor-widget-breadcrumbs\" data-id=\"b9e794f\" data-element_type=\"widget\" data-e-type=\"widget\" data-widget_type=\"breadcrumbs.default\">\n\t\t\t\t<div class=\"elementor-widget-container\">\n\t\t\t\t\t<div id=\"breadcrumbs\"><span><span><a href=\"https:\/\/www.alphadream.co.il\/fr\/\">Maison<\/a><\/span><\/span><\/div>\t\t\t\t<\/div>\n\t\t\t\t<\/div>\n\t\t\t\t\t<\/div>\n\t\t\t\t<\/div>\n\t\t<div class=\"elementor-element elementor-element-6ff78718 e-flex e-con-boxed e-con e-parent\" data-id=\"6ff78718\" data-element_type=\"container\" data-e-type=\"container\">\n\t\t\t\t\t<div class=\"e-con-inner\">\n\t\t\t\t<div class=\"elementor-element elementor-element-1eafb1e8 elementor-widget-divider--view-line elementor-widget elementor-widget-divider\" data-id=\"1eafb1e8\" data-element_type=\"widget\" data-e-type=\"widget\" data-widget_type=\"divider.default\">\n\t\t\t\t<div class=\"elementor-widget-container\">\n\t\t\t\t\t\t\t<div class=\"elementor-divider\">\n\t\t\t<span class=\"elementor-divider-separator\">\n\t\t\t\t\t\t<\/span>\n\t\t<\/div>\n\t\t\t\t\t\t<\/div>\n\t\t\t\t<\/div>\n\t\t\t\t\t<\/div>\n\t\t\t\t<\/div>\n\t\t<div class=\"elementor-element elementor-element-1ef4db8a e-flex e-con-boxed e-con e-parent\" data-id=\"1ef4db8a\" data-element_type=\"container\" data-e-type=\"container\">\n\t\t\t\t\t<div class=\"e-con-inner\">\n\t\t\t\t<div class=\"elementor-element elementor-element-1539a9e4 elementor-widget elementor-widget-text-editor\" data-id=\"1539a9e4\" data-element_type=\"widget\" data-e-type=\"widget\" data-widget_type=\"text-editor.default\">\n\t\t\t\t<div class=\"elementor-widget-container\">\n\t\t\t\t\t\t\t\t\t<h2>Accessibilit\u00e9 du site Web<\/h2><p>Alfa Carpentry consid\u00e8re qu&rsquo;il est tr\u00e8s important de rendre les informations et les services disponibles sur le site Web.<\/p><p>Le site investit beaucoup d&rsquo;efforts et de ressources pour apporter les ajustements d&rsquo;accessibilit\u00e9 n\u00e9cessaires qui permettront \u00e0 une personne handicap\u00e9e de recevoir les services fournis \u00e0 tous les clients, de mani\u00e8re ind\u00e9pendante et \u00e9quitable.<\/p><p>L&rsquo;essence d&rsquo;un site Web accessible<br \/>Un site Web accessible est un site Web qui permet \u00e0 une personne handicap\u00e9e de naviguer avec le m\u00eame niveau d&rsquo;efficacit\u00e9 et de plaisir que les autres internautes, en utilisant les capacit\u00e9s du syst\u00e8me sur lequel il fonctionne et gr\u00e2ce \u00e0 des technologies qui facilitent l&rsquo;accessibilit\u00e9.<\/p><p>Informations sur l&rsquo;accessibilit\u00e9 du site Web<br \/>Ce site Internet est conforme aux exigences du r\u00e8glement sur l&rsquo;\u00e9galit\u00e9 des droits des personnes handicap\u00e9es (am\u00e9nagements d&rsquo;accessibilit\u00e9 des services), 2013.<br \/>Les ajustements d&rsquo;accessibilit\u00e9 ont \u00e9t\u00e9 effectu\u00e9s selon les recommandations de la norme isra\u00e9lienne (TI 5568) pour l&rsquo;accessibilit\u00e9 des contenus sur Internet au niveau AA et du document international WCAG2.0.<br \/>Les tests ont \u00e9t\u00e9 test\u00e9s pour la plus haute compatibilit\u00e9 avec le navigateur Chrome.<br \/>Le site fournit une structure s\u00e9mantique pour les technologies d&rsquo;assistance et prend en charge le mod\u00e8le d&rsquo;utilisation accept\u00e9 pour fonctionner avec un clavier en utilisant les touches fl\u00e9ch\u00e9es, Entr\u00e9e et \u00c9chap pour quitter les menus et les fen\u00eatres.<br \/>Adapt\u00e9 pour l&rsquo;affichage dans les navigateurs courants et pour une utilisation sur le t\u00e9l\u00e9phone mobile.<br \/>Les documents ou vid\u00e9os t\u00e9l\u00e9charg\u00e9s sur le site avant octobre 2017 peuvent ne pas \u00eatre enti\u00e8rement accessibles. Si vous tombez sur un tel document ou une vid\u00e9o, vous pouvez contacter le coordinateur accessibilit\u00e9 du site et nous mettrons l&rsquo;information \u00e0 votre disposition.<br \/>D\u00e9claration de conformit\u00e9 partielle \u00e0 la norme en cas de contenu tiers<br \/>Certaines pages du site dont l&rsquo;accessibilit\u00e9 d\u00e9pend de contenus non organisationnels (contenus tiers), nous d\u00e9clarons donc une conformit\u00e9 partielle \u00e0 la norme de ces pages.<\/p><p>Applicabilit\u00e9 optimale pour l\u2019accessibilit\u00e9 des sites Web<br \/>Sur ce site Internet, vous pouvez naviguer de mani\u00e8re optimale et accessible en utilisant les navigateurs courants et il est recommand\u00e9 d&rsquo;utiliser les navigateurs suivants : Firefox \/ Edge \/ Chrome et le logiciel de lecture d&rsquo;\u00e9cran NVDA.<\/p><p>Dispositions d&rsquo;accessibilit\u00e9 dans notre entreprise :<br \/>Vous trouverez ci-dessous les dispositions d&rsquo;accessibilit\u00e9 existantes dans nos bureaux situ\u00e9s \u00e0 l&rsquo;adresse Pelada 16 Netanya.<\/p><p>T\u00e9l\u00e9phone 09-8845497.<\/p><p>Il y a des places de stationnement pour personnes handicap\u00e9es dans la rue<\/p><p>Il y a une s\u00e9quence d&rsquo;acc\u00e8s sans escalier depuis le parking ou depuis la rue par l&rsquo;entr\u00e9e de chez nous (y compris les ascenseurs).<\/p><p>Il existe des postes accessibles pour recevoir du service dans notre entreprise.<\/p><p>Il y a des panneaux d&rsquo;identification et de direction.<\/p><p>Service client accessible\u00a0:<br \/>L\u2019entr\u00e9e dans nos bureaux est autoris\u00e9e aux animaux d\u2019assistance destin\u00e9s \u00e0 assister une personne handicap\u00e9e.<\/p><p>Les chiens guides d&rsquo;aveugles sont autoris\u00e9s<\/p><p>En cas de besoin, vous pouvez contacter les repr\u00e9sentants du service dans nos bureaux pour recevoir de l&rsquo;aide pour remplir les formulaires.<\/p><p>Vous pouvez contacter le coordonnateur de l\u2019accessibilit\u00e9 pour demander l\u2019acc\u00e8s aux informations dans les formats pertinents.<\/p><p>Un centre d&rsquo;appels accessible &#8211; la r\u00e9ponse vocale a \u00e9t\u00e9 rendue accessible afin que les informations soient transmises dans un langage clair et sans musique de fond.<\/p><p>Modalit\u00e9s de d\u00e9p\u00f4t de demandes et de propositions d&rsquo;am\u00e9lioration en mati\u00e8re d&rsquo;accessibilit\u00e9<br \/>Des difficult\u00e9s ayant \u00e9t\u00e9 d\u00e9couvertes en mati\u00e8re d&rsquo;accessibilit\u00e9 lors de la navigation, le site est oblig\u00e9 de poursuivre ses efforts pour am\u00e9liorer l&rsquo;accessibilit\u00e9 afin de permettre son utilisation par l&rsquo;ensemble de la population, y compris les personnes handicap\u00e9es.<\/p><p>L&rsquo;entreprise offre \u00e0 ses clients la possibilit\u00e9 de recevoir des informations dans des formats accessibles. La diffusion des informations est gratuite et destin\u00e9e aux personnes handicap\u00e9es.<\/p><p>Si vous rencontrez un probl\u00e8me ou un dysfonctionnement concernant l&rsquo;accessibilit\u00e9, nous vous serions reconnaissants de nous en informer et nous nous efforcerons de trouver une solution adapt\u00e9e pour vous et de traiter le dysfonctionnement dans les plus brefs d\u00e9lais.<\/p><p><strong>Coordonn\u00e9es via le coordinateur de l\u2019accessibilit\u00e9<\/strong><\/p><p>LAAD NISSIM<br \/>T\u00e9l\u00e9phone 09-8845497<br \/>Envoyer un e-mail \u00e0 laad@yamhapirzul.com<\/p><p>Date de mise \u00e0 jour du relev\u00e9 : 20\/08\/2024<\/p>\t\t\t\t\t\t\t\t<\/div>\n\t\t\t\t<\/div>\n\t\t\t\t\t<\/div>\n\t\t\t\t<\/div>\n\t\t\t\t<\/div>\n\t\t","protected":false},"excerpt":{"rendered":"<p>Accessibilit\u00e9 du site Web Alfa Carpentry consid\u00e8re qu&rsquo;il est tr\u00e8s important de rendre les informations et les services disponibles sur le site Web. Le site investit beaucoup d&rsquo;efforts et de ressources pour apporter les ajustements d&rsquo;accessibilit\u00e9 n\u00e9cessaires qui permettront \u00e0 une personne handicap\u00e9e de recevoir les services fournis \u00e0 tous les clients, de mani\u00e8re ind\u00e9pendante [&hellip;]<\/p>\n","protected":false},"author":2,"featured_media":0,"parent":0,"menu_order":100,"comment_status":"closed","ping_status":"closed","template":"","meta":{"footnotes":""},"class_list":["post-6174","page","type-page","status-publish","hentry"],"yoast_head":"<!-- This site is optimized with the Yoast SEO plugin v27.3 - https:\/\/yoast.com\/product\/yoast-seo-wordpress\/ -->\n<title>D\u00e9claration d&#039;accessibilit\u00e9 - Menuiserie architecturale Alpha<\/title>\n<meta name=\"robots\" content=\"index, follow, max-snippet:-1, max-image-preview:large, max-video-preview:-1\" \/>\n<link rel=\"canonical\" href=\"https:\/\/www.alphadream.co.il\/fr\/declaration-daccessibilite\/\" \/>\n<meta property=\"og:locale\" content=\"fr_FR\" \/>\n<meta property=\"og:type\" content=\"article\" \/>\n<meta property=\"og:title\" content=\"D\u00e9claration d&#039;accessibilit\u00e9 - Menuiserie architecturale Alpha\" \/>\n<meta property=\"og:description\" content=\"Accessibilit\u00e9 du site Web Alfa Carpentry consid\u00e8re qu&rsquo;il est tr\u00e8s important de rendre les informations et les services disponibles sur le site Web. Le site investit beaucoup d&rsquo;efforts et de ressources pour apporter les ajustements d&rsquo;accessibilit\u00e9 n\u00e9cessaires qui permettront \u00e0 une personne handicap\u00e9e de recevoir les services fournis \u00e0 tous les clients, de mani\u00e8re ind\u00e9pendante [&hellip;]\" \/>\n<meta property=\"og:url\" content=\"https:\/\/www.alphadream.co.il\/fr\/declaration-daccessibilite\/\" \/>\n<meta property=\"og:site_name\" content=\"Menuiserie architecturale Alpha\" \/>\n<meta property=\"article:publisher\" content=\"https:\/\/www.facebook.com\/alphadreamwood\/\" \/>\n<meta property=\"article:modified_time\" content=\"2024-11-12T15:04:00+00:00\" \/>\n<meta name=\"twitter:card\" content=\"summary_large_image\" \/>\n<meta name=\"twitter:label1\" content=\"Dur\u00e9e de lecture estim\u00e9e\" \/>\n\t<meta name=\"twitter:data1\" content=\"4 minutes\" \/>\n<script type=\"application\/ld+json\" class=\"yoast-schema-graph\">{\"@context\":\"https:\\\/\\\/schema.org\",\"@graph\":[{\"@type\":\"WebPage\",\"@id\":\"https:\\\/\\\/www.alphadream.co.il\\\/fr\\\/declaration-daccessibilite\\\/\",\"url\":\"https:\\\/\\\/www.alphadream.co.il\\\/fr\\\/declaration-daccessibilite\\\/\",\"name\":\"D\u00e9claration d'accessibilit\u00e9 - Menuiserie architecturale Alpha\",\"isPartOf\":{\"@id\":\"https:\\\/\\\/www.alphadream.co.il\\\/fr\\\/#website\"},\"datePublished\":\"2024-07-24T10:18:14+00:00\",\"dateModified\":\"2024-11-12T15:04:00+00:00\",\"breadcrumb\":{\"@id\":\"https:\\\/\\\/www.alphadream.co.il\\\/fr\\\/declaration-daccessibilite\\\/#breadcrumb\"},\"inLanguage\":\"fr-FR\",\"potentialAction\":[{\"@type\":\"ReadAction\",\"target\":[\"https:\\\/\\\/www.alphadream.co.il\\\/fr\\\/declaration-daccessibilite\\\/\"]}]},{\"@type\":\"BreadcrumbList\",\"@id\":\"https:\\\/\\\/www.alphadream.co.il\\\/fr\\\/declaration-daccessibilite\\\/#breadcrumb\",\"itemListElement\":[{\"@type\":\"ListItem\",\"position\":1,\"name\":\"Maison\",\"item\":\"https:\\\/\\\/www.alphadream.co.il\\\/fr\\\/\"},{\"@type\":\"ListItem\",\"position\":2,\"name\":\"D\u00e9claration d'accessibilit\u00e9\"}]},{\"@type\":\"WebSite\",\"@id\":\"https:\\\/\\\/www.alphadream.co.il\\\/fr\\\/#website\",\"url\":\"https:\\\/\\\/www.alphadream.co.il\\\/fr\\\/\",\"name\":\"Menuiserie architecturale Alpha\",\"description\":\"\u05e2\u05d1\u05d5\u05d3\u05d5\u05ea \u05e2\u05d9\u05dc\u05d9\u05ea \u05dc\u05e2\u05d9\u05e6\u05d5\u05d1 \u05d4\u05d1\u05d9\u05ea \u05d1\u05e2\u05e5\",\"publisher\":{\"@id\":\"https:\\\/\\\/www.alphadream.co.il\\\/fr\\\/#organization\"},\"potentialAction\":[{\"@type\":\"SearchAction\",\"target\":{\"@type\":\"EntryPoint\",\"urlTemplate\":\"https:\\\/\\\/www.alphadream.co.il\\\/fr\\\/?s={search_term_string}\"},\"query-input\":{\"@type\":\"PropertyValueSpecification\",\"valueRequired\":true,\"valueName\":\"search_term_string\"}}],\"inLanguage\":\"fr-FR\"},{\"@type\":\"Organization\",\"@id\":\"https:\\\/\\\/www.alphadream.co.il\\\/fr\\\/#organization\",\"name\":\"\u05d0\u05dc\u05e4\u05d0 \u05e0\u05d2\u05e8\u05d5\u05ea \u05d0\u05d3\u05e8\u05d9\u05db\u05dc\u05d9\u05ea\",\"url\":\"https:\\\/\\\/www.alphadream.co.il\\\/fr\\\/\",\"logo\":{\"@type\":\"ImageObject\",\"inLanguage\":\"fr-FR\",\"@id\":\"https:\\\/\\\/www.alphadream.co.il\\\/fr\\\/#\\\/schema\\\/logo\\\/image\\\/\",\"url\":\"https:\\\/\\\/www.alphadream.co.il\\\/wp-content\\\/uploads\\\/2024\\\/11\\\/Alpha-Logo-for-Facebook.png\",\"contentUrl\":\"https:\\\/\\\/www.alphadream.co.il\\\/wp-content\\\/uploads\\\/2024\\\/11\\\/Alpha-Logo-for-Facebook.png\",\"width\":800,\"height\":800,\"caption\":\"\u05d0\u05dc\u05e4\u05d0 \u05e0\u05d2\u05e8\u05d5\u05ea \u05d0\u05d3\u05e8\u05d9\u05db\u05dc\u05d9\u05ea\"},\"image\":{\"@id\":\"https:\\\/\\\/www.alphadream.co.il\\\/fr\\\/#\\\/schema\\\/logo\\\/image\\\/\"},\"sameAs\":[\"https:\\\/\\\/www.facebook.com\\\/alphadreamwood\\\/\"]}]}<\/script>\n<!-- \/ Yoast SEO plugin. -->","yoast_head_json":{"title":"D\u00e9claration d'accessibilit\u00e9 - Menuiserie architecturale Alpha","robots":{"index":"index","follow":"follow","max-snippet":"max-snippet:-1","max-image-preview":"max-image-preview:large","max-video-preview":"max-video-preview:-1"},"canonical":"https:\/\/www.alphadream.co.il\/fr\/declaration-daccessibilite\/","og_locale":"fr_FR","og_type":"article","og_title":"D\u00e9claration d'accessibilit\u00e9 - Menuiserie architecturale Alpha","og_description":"Accessibilit\u00e9 du site Web Alfa Carpentry consid\u00e8re qu&rsquo;il est tr\u00e8s important de rendre les informations et les services disponibles sur le site Web. Le site investit beaucoup d&rsquo;efforts et de ressources pour apporter les ajustements d&rsquo;accessibilit\u00e9 n\u00e9cessaires qui permettront \u00e0 une personne handicap\u00e9e de recevoir les services fournis \u00e0 tous les clients, de mani\u00e8re ind\u00e9pendante [&hellip;]","og_url":"https:\/\/www.alphadream.co.il\/fr\/declaration-daccessibilite\/","og_site_name":"Menuiserie architecturale Alpha","article_publisher":"https:\/\/www.facebook.com\/alphadreamwood\/","article_modified_time":"2024-11-12T15:04:00+00:00","twitter_card":"summary_large_image","twitter_misc":{"Dur\u00e9e de lecture estim\u00e9e":"4 minutes"},"schema":{"@context":"https:\/\/schema.org","@graph":[{"@type":"WebPage","@id":"https:\/\/www.alphadream.co.il\/fr\/declaration-daccessibilite\/","url":"https:\/\/www.alphadream.co.il\/fr\/declaration-daccessibilite\/","name":"D\u00e9claration d'accessibilit\u00e9 - Menuiserie architecturale Alpha","isPartOf":{"@id":"https:\/\/www.alphadream.co.il\/fr\/#website"},"datePublished":"2024-07-24T10:18:14+00:00","dateModified":"2024-11-12T15:04:00+00:00","breadcrumb":{"@id":"https:\/\/www.alphadream.co.il\/fr\/declaration-daccessibilite\/#breadcrumb"},"inLanguage":"fr-FR","potentialAction":[{"@type":"ReadAction","target":["https:\/\/www.alphadream.co.il\/fr\/declaration-daccessibilite\/"]}]},{"@type":"BreadcrumbList","@id":"https:\/\/www.alphadream.co.il\/fr\/declaration-daccessibilite\/#breadcrumb","itemListElement":[{"@type":"ListItem","position":1,"name":"Maison","item":"https:\/\/www.alphadream.co.il\/fr\/"},{"@type":"ListItem","position":2,"name":"D\u00e9claration d'accessibilit\u00e9"}]},{"@type":"WebSite","@id":"https:\/\/www.alphadream.co.il\/fr\/#website","url":"https:\/\/www.alphadream.co.il\/fr\/","name":"Menuiserie architecturale Alpha","description":"\u05e2\u05d1\u05d5\u05d3\u05d5\u05ea \u05e2\u05d9\u05dc\u05d9\u05ea \u05dc\u05e2\u05d9\u05e6\u05d5\u05d1 \u05d4\u05d1\u05d9\u05ea \u05d1\u05e2\u05e5","publisher":{"@id":"https:\/\/www.alphadream.co.il\/fr\/#organization"},"potentialAction":[{"@type":"SearchAction","target":{"@type":"EntryPoint","urlTemplate":"https:\/\/www.alphadream.co.il\/fr\/?s={search_term_string}"},"query-input":{"@type":"PropertyValueSpecification","valueRequired":true,"valueName":"search_term_string"}}],"inLanguage":"fr-FR"},{"@type":"Organization","@id":"https:\/\/www.alphadream.co.il\/fr\/#organization","name":"\u05d0\u05dc\u05e4\u05d0 \u05e0\u05d2\u05e8\u05d5\u05ea \u05d0\u05d3\u05e8\u05d9\u05db\u05dc\u05d9\u05ea","url":"https:\/\/www.alphadream.co.il\/fr\/","logo":{"@type":"ImageObject","inLanguage":"fr-FR","@id":"https:\/\/www.alphadream.co.il\/fr\/#\/schema\/logo\/image\/","url":"https:\/\/www.alphadream.co.il\/wp-content\/uploads\/2024\/11\/Alpha-Logo-for-Facebook.png","contentUrl":"https:\/\/www.alphadream.co.il\/wp-content\/uploads\/2024\/11\/Alpha-Logo-for-Facebook.png","width":800,"height":800,"caption":"\u05d0\u05dc\u05e4\u05d0 \u05e0\u05d2\u05e8\u05d5\u05ea \u05d0\u05d3\u05e8\u05d9\u05db\u05dc\u05d9\u05ea"},"image":{"@id":"https:\/\/www.alphadream.co.il\/fr\/#\/schema\/logo\/image\/"},"sameAs":["https:\/\/www.facebook.com\/alphadreamwood\/"]}]}},"_links":{"self":[{"href":"https:\/\/www.alphadream.co.il\/fr\/wp-json\/wp\/v2\/pages\/6174","targetHints":{"allow":["GET"]}}],"collection":[{"href":"https:\/\/www.alphadream.co.il\/fr\/wp-json\/wp\/v2\/pages"}],"about":[{"href":"https:\/\/www.alphadream.co.il\/fr\/wp-json\/wp\/v2\/types\/page"}],"author":[{"embeddable":true,"href":"https:\/\/www.alphadream.co.il\/fr\/wp-json\/wp\/v2\/users\/2"}],"replies":[{"embeddable":true,"href":"https:\/\/www.alphadream.co.il\/fr\/wp-json\/wp\/v2\/comments?post=6174"}],"version-history":[{"count":5,"href":"https:\/\/www.alphadream.co.il\/fr\/wp-json\/wp\/v2\/pages\/6174\/revisions"}],"predecessor-version":[{"id":6179,"href":"https:\/\/www.alphadream.co.il\/fr\/wp-json\/wp\/v2\/pages\/6174\/revisions\/6179"}],"wp:attachment":[{"href":"https:\/\/www.alphadream.co.il\/fr\/wp-json\/wp\/v2\/media?parent=6174"}],"curies":[{"name":"wp","href":"https:\/\/api.w.org\/{rel}","templated":true}]}}